{"id":769,"date":"2020-05-21T21:45:54","date_gmt":"2020-05-21T21:45:54","guid":{"rendered":"https:\/\/mwagni.com\/?page_id=769"},"modified":"2020-05-21T21:45:54","modified_gmt":"2020-05-21T21:45:54","slug":"datenschutzerklaerung","status":"publish","type":"page","link":"https:\/\/mwagni.com\/fr\/datenschutzerklaerung\/","title":{"rendered":"Donn\u00e9es Personnelles"},"content":{"rendered":"<p>Donn\u00e9es Personnelles bient\u00f4t disponibles<\/p>","protected":false},"excerpt":{"rendered":"<p>Donn\u00e9es Personnelles bient\u00f4t disponibles<\/p>\n","protected":false},"author":1,"featured_media":0,"parent":0,"menu_order":0,"comment_status":"closed","ping_status":"closed","template":"","meta":{"footnotes":""},"class_list":["post-769","page","type-page","status-publish","hentry"],"yoast_head":"<!-- This site is optimized with the Yoast SEO plugin v27.5 - https:\/\/yoast.com\/product\/yoast-seo-wordpress\/ -->\n<title>Donn\u00e9es Personnelles - mwagni e.V.<\/title>\n<meta name=\"robots\" content=\"index, follow, max-snippet:-1, max-image-preview:large, max-video-preview:-1\" \/>\n<link rel=\"canonical\" href=\"https:\/\/mwagni.com\/fr\/datenschutzerklaerung\/\" \/>\n<meta property=\"og:locale\" content=\"fr_FR\" \/>\n<meta property=\"og:type\" content=\"article\" \/>\n<meta property=\"og:title\" content=\"Donn\u00e9es Personnelles - mwagni e.V.\" \/>\n<meta property=\"og:description\" content=\"Donn\u00e9es Personnelles bient\u00f4t disponibles\" \/>\n<meta property=\"og:url\" content=\"https:\/\/mwagni.com\/fr\/datenschutzerklaerung\/\" \/>\n<meta property=\"og:site_name\" content=\"mwagni e.V.\" \/>\n<meta name=\"twitter:card\" content=\"summary_large_image\" \/>\n<meta name=\"twitter:label1\" content=\"Dur\u00e9e de lecture estim\u00e9e\" \/>\n\t<meta name=\"twitter:data1\" content=\"3 minutes\" \/>\n<script type=\"application\/ld+json\" class=\"yoast-schema-graph\">{\"@context\":\"https:\\\/\\\/schema.org\",\"@graph\":[{\"@type\":\"WebPage\",\"@id\":\"https:\\\/\\\/mwagni.com\\\/fr\\\/datenschutzerklaerung\\\/\",\"url\":\"https:\\\/\\\/mwagni.com\\\/fr\\\/datenschutzerklaerung\\\/\",\"name\":\"Donn\u00e9es Personnelles - mwagni e.V.\",\"isPartOf\":{\"@id\":\"https:\\\/\\\/mwagni.com\\\/fr\\\/#website\"},\"datePublished\":\"2020-05-21T21:45:54+00:00\",\"breadcrumb\":{\"@id\":\"https:\\\/\\\/mwagni.com\\\/fr\\\/datenschutzerklaerung\\\/#breadcrumb\"},\"inLanguage\":\"fr-FR\",\"potentialAction\":[{\"@type\":\"ReadAction\",\"target\":[[\"https:\\\/\\\/mwagni.com\\\/fr\\\/datenschutzerklaerung\\\/\"]]}]},{\"@type\":\"BreadcrumbList\",\"@id\":\"https:\\\/\\\/mwagni.com\\\/fr\\\/datenschutzerklaerung\\\/#breadcrumb\",\"itemListElement\":[{\"@type\":\"ListItem\",\"position\":1,\"name\":\"Startseite\",\"item\":\"https:\\\/\\\/mwagni.com\\\/fr\\\/\"},{\"@type\":\"ListItem\",\"position\":2,\"name\":\"Datenschutzerkl\u00e4rung\"}]},{\"@type\":\"WebSite\",\"@id\":\"https:\\\/\\\/mwagni.com\\\/fr\\\/#website\",\"url\":\"https:\\\/\\\/mwagni.com\\\/fr\\\/\",\"name\":\"mwagni e.V.\",\"description\":\"Bienvenue, Welcome, Willkommen, Seuk meubwo\",\"publisher\":{\"@id\":\"https:\\\/\\\/mwagni.com\\\/fr\\\/#organization\"},\"potentialAction\":[{\"@type\":\"SearchAction\",\"target\":{\"@type\":\"EntryPoint\",\"urlTemplate\":\"https:\\\/\\\/mwagni.com\\\/fr\\\/?s={search_term_string}\"},\"query-input\":{\"@type\":\"PropertyValueSpecification\",\"valueRequired\":true,\"valueName\":\"search_term_string\"}}],\"inLanguage\":\"fr-FR\"},{\"@type\":\"Organization\",\"@id\":\"https:\\\/\\\/mwagni.com\\\/fr\\\/#organization\",\"name\":\"mwagni e.V.\",\"url\":\"https:\\\/\\\/mwagni.com\\\/fr\\\/\",\"logo\":{\"@type\":\"ImageObject\",\"inLanguage\":\"fr-FR\",\"@id\":\"https:\\\/\\\/mwagni.com\\\/fr\\\/#\\\/schema\\\/logo\\\/image\\\/\",\"url\":\"https:\\\/\\\/mwagni.com\\\/wp-content\\\/uploads\\\/2021\\\/10\\\/cropped-cropped-logo_mwagni_e-final-e1743324475860.png\",\"contentUrl\":\"https:\\\/\\\/mwagni.com\\\/wp-content\\\/uploads\\\/2021\\\/10\\\/cropped-cropped-logo_mwagni_e-final-e1743324475860.png\",\"width\":150,\"height\":150,\"caption\":\"mwagni e.V.\"},\"image\":{\"@id\":\"https:\\\/\\\/mwagni.com\\\/fr\\\/#\\\/schema\\\/logo\\\/image\\\/\"}}]}<\/script>\n<!-- \/ Yoast SEO plugin. -->","yoast_head_json":{"title":"Donn\u00e9es Personnelles - mwagni e.V.","robots":{"index":"index","follow":"follow","max-snippet":"max-snippet:-1","max-image-preview":"max-image-preview:large","max-video-preview":"max-video-preview:-1"},"canonical":"https:\/\/mwagni.com\/fr\/datenschutzerklaerung\/","og_locale":"fr_FR","og_type":"article","og_title":"Donn\u00e9es Personnelles - mwagni e.V.","og_description":"Donn\u00e9es Personnelles bient\u00f4t disponibles","og_url":"https:\/\/mwagni.com\/fr\/datenschutzerklaerung\/","og_site_name":"mwagni e.V.","twitter_card":"summary_large_image","twitter_misc":{"Dur\u00e9e de lecture estim\u00e9e":"3 minutes"},"schema":{"@context":"https:\/\/schema.org","@graph":[{"@type":"WebPage","@id":"https:\/\/mwagni.com\/fr\/datenschutzerklaerung\/","url":"https:\/\/mwagni.com\/fr\/datenschutzerklaerung\/","name":"Donn\u00e9es Personnelles - mwagni e.V.","isPartOf":{"@id":"https:\/\/mwagni.com\/fr\/#website"},"datePublished":"2020-05-21T21:45:54+00:00","breadcrumb":{"@id":"https:\/\/mwagni.com\/fr\/datenschutzerklaerung\/#breadcrumb"},"inLanguage":"fr-FR","potentialAction":[{"@type":"ReadAction","target":[["https:\/\/mwagni.com\/fr\/datenschutzerklaerung\/"]]}]},{"@type":"BreadcrumbList","@id":"https:\/\/mwagni.com\/fr\/datenschutzerklaerung\/#breadcrumb","itemListElement":[{"@type":"ListItem","position":1,"name":"Startseite","item":"https:\/\/mwagni.com\/fr\/"},{"@type":"ListItem","position":2,"name":"Datenschutzerkl\u00e4rung"}]},{"@type":"WebSite","@id":"https:\/\/mwagni.com\/fr\/#website","url":"https:\/\/mwagni.com\/fr\/","name":"mwagni e.V.","description":"Bienvenue, Welcome, Willkommen, Seuk meubwo","publisher":{"@id":"https:\/\/mwagni.com\/fr\/#organization"},"potentialAction":[{"@type":"SearchAction","target":{"@type":"EntryPoint","urlTemplate":"https:\/\/mwagni.com\/fr\/?s={search_term_string}"},"query-input":{"@type":"PropertyValueSpecification","valueRequired":true,"valueName":"search_term_string"}}],"inLanguage":"fr-FR"},{"@type":"Organization","@id":"https:\/\/mwagni.com\/fr\/#organization","name":"mwagni e.V.","url":"https:\/\/mwagni.com\/fr\/","logo":{"@type":"ImageObject","inLanguage":"fr-FR","@id":"https:\/\/mwagni.com\/fr\/#\/schema\/logo\/image\/","url":"https:\/\/mwagni.com\/wp-content\/uploads\/2021\/10\/cropped-cropped-logo_mwagni_e-final-e1743324475860.png","contentUrl":"https:\/\/mwagni.com\/wp-content\/uploads\/2021\/10\/cropped-cropped-logo_mwagni_e-final-e1743324475860.png","width":150,"height":150,"caption":"mwagni e.V."},"image":{"@id":"https:\/\/mwagni.com\/fr\/#\/schema\/logo\/image\/"}}]}},"_links":{"self":[{"href":"https:\/\/mwagni.com\/fr\/wp-json\/wp\/v2\/pages\/769","targetHints":{"allow":["GET"]}}],"collection":[{"href":"https:\/\/mwagni.com\/fr\/wp-json\/wp\/v2\/pages"}],"about":[{"href":"https:\/\/mwagni.com\/fr\/wp-json\/wp\/v2\/types\/page"}],"author":[{"embeddable":true,"href":"https:\/\/mwagni.com\/fr\/wp-json\/wp\/v2\/users\/1"}],"replies":[{"embeddable":true,"href":"https:\/\/mwagni.com\/fr\/wp-json\/wp\/v2\/comments?post=769"}],"version-history":[{"count":1,"href":"https:\/\/mwagni.com\/fr\/wp-json\/wp\/v2\/pages\/769\/revisions"}],"predecessor-version":[{"id":770,"href":"https:\/\/mwagni.com\/fr\/wp-json\/wp\/v2\/pages\/769\/revisions\/770"}],"wp:attachment":[{"href":"https:\/\/mwagni.com\/fr\/wp-json\/wp\/v2\/media?parent=769"}],"curies":[{"name":"wp","href":"https:\/\/api.w.org\/{rel}","templated":true}]}}