{"id":17,"date":"2019-06-09T19:55:19","date_gmt":"2019-06-09T19:55:19","guid":{"rendered":"http:\/\/mwagni.com\/?page_id=17"},"modified":"2020-05-21T22:20:56","modified_gmt":"2020-05-21T22:20:56","slug":"ueber-uns","status":"publish","type":"page","link":"https:\/\/mwagni.com\/en\/ueber-uns\/","title":{"rendered":"\u00dcber uns"},"content":{"rendered":"<div id=\"pl-gb17-69ed0ed560355\"  class=\"panel-layout\" ><div id=\"pg-gb17-69ed0ed560355-0\"  class=\"panel-grid panel-no-style\" ><div id=\"pgc-gb17-69ed0ed560355-0-0\"  class=\"panel-grid-cell\" ><div id=\"panel-gb17-69ed0ed560355-0-0-0\" class=\"so-panel widget widget_text panel-first-child panel-last-child\" data-index=\"0\" >\t\t\t<div class=\"textwidget\"><header id=\"masthead\" class=\"site-header logo-left-menu-right header-sticky header-sticky-desktop header-sticky-style-half-slide headroom headroom--not-bottom headroom--not-top headroom--pinned\" role=\"banner\">\n<div class=\"header-outer-wrapper\">\n<div class=\"header-inner-wrapper\">\n<div class=\"header-bottom\">\n<div class=\"container\">\n<div class=\"header-bottom-right-section\"><\/div>\n<\/div>\n<\/div>\n<\/div>\n<\/div>\n<\/header>\n<nav class=\"breadcrumbs\">\n<div class=\"container\">\n<div class=\"breadcrumbs-page\">\n<h1 class=\"breadcrumbs-page-title\"><strong style=\"font-size: 16px;\">Mwagni e. V., weil Bildung das Fundament ist.<\/strong><\/h1>\n<\/div>\n<\/div>\n<\/nav>\n<div id=\"content\" class=\"site-content\">\n<div class=\"container\">\n<div id=\"primary\" class=\"content-area\"><main id=\"main\" class=\"site-main\" role=\"main\"><\/p>\n<article id=\"post-17\" class=\"post-17 page type-page status-publish hentry\">\n<div class=\"entry-content\">\n<p>Mwagni ist ein Begriff, den man in vielen Sprachen aus Westkamerun findet und der viele Bedeutungen tr\u00e4gt. Das Wort\u00a0<strong>Mwagni<\/strong>\u00a0bezeichnet im allgemein, Wissen und Bildung. Das kann Schule, als Bildungsanstalt bedeuten. Also, ein Ort, wo Wissen und Kompetenzen vermittelt werden. Mwagni kann aber auch die Mittel zur Wissensvermittlung bedeuten z.B.: Unterrichtsmaterialien, Lehrb\u00fccher, Arbeitshefte usw.<\/p>\n<p>Mwagni e.V. ist eine junge Migranten-Organisation, die haupts\u00e4chlich sich mit den Themen Wissensvermittlung und Bildung auseinandersetzt. Einer unseren Zielen ist, unsere eigene Erfahrungen von Integration an ausl\u00e4ndischen Jugendlichen, Studierenden und Gefl\u00fcchteten weiterzugeben. Wir erreichen sie durch Betreuung und Mentoring Programme. Durch Empowerment Workshops und spezielle Frauenkurse zielen wir Frauen und M\u00e4dchen mit Migrationsvordergrund in deren Entscheidungsmacht zu St\u00e4rken und einer Intellektuellen Unabh\u00e4ngigkeit zu erreichen.<\/p>\n<p>Ein anderer Zweck, was unseren Verein verfolgt ist die F\u00f6rderung von Entwicklungszusammenarbeit. Hier arbeiten wir in Kooperation mit Partnerinstitutionnen aus Kamerun um unseren Beitrag zur Erreicherung der nachhaltige Entwicklungsziele (SDG) zu leisten.<\/p>\n<\/div>\n<\/article>\n<p><\/main><\/div>\n<\/div>\n<\/div>\n<\/div>\n\t\t<\/div><\/div><\/div><div id=\"pg-gb17-69ed0ed560355-1\"  class=\"panel-grid panel-no-style\" ><div id=\"pgc-gb17-69ed0ed560355-1-0\"  class=\"panel-grid-cell\" ><div id=\"panel-gb17-69ed0ed560355-1-0-0\" class=\"so-panel widget widget_media_image panel-first-child panel-last-child\" data-index=\"1\" ><h3 class=\"widget-title\">Christelle Noufele<\/h3><img fetchpriority=\"high\" decoding=\"async\" width=\"300\" height=\"291\" src=\"https:\/\/mwagni.com\/wp-content\/uploads\/2020\/05\/cNoufele-1-300x291.jpg\" class=\"image wp-image-775  attachment-medium size-medium\" alt=\"Christelle Noufele\" style=\"max-width: 100%; height: auto;\" srcset=\"https:\/\/mwagni.com\/wp-content\/uploads\/2020\/05\/cNoufele-1-300x291.jpg 300w, https:\/\/mwagni.com\/wp-content\/uploads\/2020\/05\/cNoufele-1.jpg 323w\" sizes=\"(max-width: 300px) 100vw, 300px\" \/><\/div><\/div><div id=\"pgc-gb17-69ed0ed560355-1-1\"  class=\"panel-grid-cell\" ><div id=\"panel-gb17-69ed0ed560355-1-1-0\" class=\"so-panel widget widget_media_image panel-first-child panel-last-child\" data-index=\"2\" ><h3 class=\"widget-title\">Joyce Noufele<\/h3><img decoding=\"async\" width=\"300\" height=\"291\" src=\"https:\/\/mwagni.com\/wp-content\/uploads\/2020\/05\/jNoufele-300x291.jpg\" class=\"image wp-image-773  attachment-medium size-medium\" alt=\"Joyce Noufele\" style=\"max-width: 100%; height: auto;\" srcset=\"https:\/\/mwagni.com\/wp-content\/uploads\/2020\/05\/jNoufele-300x291.jpg 300w, https:\/\/mwagni.com\/wp-content\/uploads\/2020\/05\/jNoufele.jpg 323w\" sizes=\"(max-width: 300px) 100vw, 300px\" \/><\/div><\/div><div id=\"pgc-gb17-69ed0ed560355-1-2\"  class=\"panel-grid-cell\" ><div id=\"panel-gb17-69ed0ed560355-1-2-0\" class=\"so-panel widget widget_media_image panel-first-child panel-last-child\" data-index=\"3\" ><h3 class=\"widget-title\">Courtney Njiki<\/h3><img decoding=\"async\" width=\"300\" height=\"291\" src=\"https:\/\/mwagni.com\/wp-content\/uploads\/2020\/05\/coNoufele-300x291.jpg\" class=\"image wp-image-774  attachment-medium size-medium\" alt=\"Courtney Njiki\" style=\"max-width: 100%; height: auto;\" title=\"Courtney Njiki\" srcset=\"https:\/\/mwagni.com\/wp-content\/uploads\/2020\/05\/coNoufele-300x291.jpg 300w, https:\/\/mwagni.com\/wp-content\/uploads\/2020\/05\/coNoufele.jpg 323w\" sizes=\"(max-width: 300px) 100vw, 300px\" \/><\/div><\/div><\/div><div id=\"pg-gb17-69ed0ed560355-2\"  class=\"panel-grid panel-no-style\" ><div id=\"pgc-gb17-69ed0ed560355-2-0\"  class=\"panel-grid-cell\" ><div id=\"panel-gb17-69ed0ed560355-2-0-0\" class=\"so-panel widget widget_text panel-first-child panel-last-child\" data-index=\"4\" ><h3 class=\"widget-title\">Kontakt<\/h3>\t\t\t<div class=\"textwidget\"><p><strong>Unsere Anschrift:<\/strong><br \/>\nMwagni e.V.<br \/>\nc\/o Dr. Christelle Njiki Noufele<\/p>\n<p>Uferstr. 15<\/p>\n<p>13357 Berlin<\/p>\n<p><strong>Kontakt:<\/strong><br \/>\nTelefon: 017670074954<br \/>\nE-Mail:\u00a0<a href=\"mailto:info@mwagni.com\">info@mwagni.com<\/a><\/p>\n<p><strong>Bankverbindung:<\/strong><br \/>\nmwagni e.V.<br \/>\nDeutsche Skatbank<br \/>\nIBAN: DE89830654080004149947<br \/>\nBIC: GENODEF1SLR<br \/>\nUnser Verein ist als gemeinn\u00fctzig anerkannt.<br \/>\nBei Angabe der genauen Anschrift senden wir Ihnen eine Zuwendungsbescheinigung zu.<\/p>\n<h2>F\u00fcr eine Anfrage k\u00f6nnen Sie uns gerne eine E-Mail schicken an:<\/h2>\n<p><strong><a href=\"mailto:info@mwagni.com\">info@mwagni.com<\/a><\/strong><\/p>\n<\/div>\n\t\t<\/div><\/div><\/div><\/div>","protected":false},"excerpt":{"rendered":"<p>Mwagni e. V., weil Bildung das Fundament ist. Mwagni ist ein Begriff, den man in vielen Sprachen aus Westkamerun findet und der viele Bedeutungen tr\u00e4gt. Das Wort\u00a0Mwagni\u00a0bezeichnet im allgemein, Wissen und Bildung. Das kann Schule, als Bildungsanstalt bedeuten. Also, ein<\/p>\n","protected":false},"author":1,"featured_media":0,"parent":0,"menu_order":0,"comment_status":"closed","ping_status":"closed","template":"","meta":{"footnotes":""},"class_list":["post-17","page","type-page","status-publish","hentry"],"yoast_head":"<!-- This site is optimized with the Yoast SEO plugin v27.4 - https:\/\/yoast.com\/product\/yoast-seo-wordpress\/ -->\n<title>\u00dcber uns - mwagni e.V.<\/title>\n<meta name=\"robots\" content=\"index, follow, max-snippet:-1, max-image-preview:large, max-video-preview:-1\" \/>\n<link rel=\"canonical\" href=\"https:\/\/mwagni.com\/en\/ueber-uns\/\" \/>\n<meta property=\"og:locale\" content=\"en_US\" \/>\n<meta property=\"og:type\" content=\"article\" \/>\n<meta property=\"og:title\" content=\"\u00dcber uns - mwagni e.V.\" \/>\n<meta property=\"og:description\" content=\"Mwagni e. V., weil Bildung das Fundament ist. Mwagni ist ein Begriff, den man in vielen Sprachen aus Westkamerun findet und der viele Bedeutungen tr\u00e4gt. Das Wort\u00a0Mwagni\u00a0bezeichnet im allgemein, Wissen und Bildung. Das kann Schule, als Bildungsanstalt bedeuten. Also, ein\" \/>\n<meta property=\"og:url\" content=\"https:\/\/mwagni.com\/en\/ueber-uns\/\" \/>\n<meta property=\"og:site_name\" content=\"mwagni e.V.\" \/>\n<meta property=\"article:modified_time\" content=\"2020-05-21T22:20:56+00:00\" \/>\n<meta name=\"twitter:card\" content=\"summary_large_image\" \/>\n<script type=\"application\/ld+json\" class=\"yoast-schema-graph\">{\"@context\":\"https:\\\/\\\/schema.org\",\"@graph\":[{\"@type\":\"WebPage\",\"@id\":\"https:\\\/\\\/mwagni.com\\\/en\\\/ueber-uns\\\/\",\"url\":\"https:\\\/\\\/mwagni.com\\\/en\\\/ueber-uns\\\/\",\"name\":\"\u00dcber uns - mwagni e.V.\",\"isPartOf\":{\"@id\":\"https:\\\/\\\/mwagni.com\\\/en\\\/#website\"},\"datePublished\":\"2019-06-09T19:55:19+00:00\",\"dateModified\":\"2020-05-21T22:20:56+00:00\",\"breadcrumb\":{\"@id\":\"https:\\\/\\\/mwagni.com\\\/en\\\/ueber-uns\\\/#breadcrumb\"},\"inLanguage\":\"en-US\",\"potentialAction\":[{\"@type\":\"ReadAction\",\"target\":[[\"https:\\\/\\\/mwagni.com\\\/en\\\/ueber-uns\\\/\"]]}]},{\"@type\":\"BreadcrumbList\",\"@id\":\"https:\\\/\\\/mwagni.com\\\/en\\\/ueber-uns\\\/#breadcrumb\",\"itemListElement\":[{\"@type\":\"ListItem\",\"position\":1,\"name\":\"Startseite\",\"item\":\"https:\\\/\\\/mwagni.com\\\/en\\\/\"},{\"@type\":\"ListItem\",\"position\":2,\"name\":\"\u00dcber uns\"}]},{\"@type\":\"WebSite\",\"@id\":\"https:\\\/\\\/mwagni.com\\\/en\\\/#website\",\"url\":\"https:\\\/\\\/mwagni.com\\\/en\\\/\",\"name\":\"mwagni e.V.\",\"description\":\"Welcome, Willkommen, Bienvenue, Seuk meubwo\",\"publisher\":{\"@id\":\"https:\\\/\\\/mwagni.com\\\/en\\\/#organization\"},\"potentialAction\":[{\"@type\":\"SearchAction\",\"target\":{\"@type\":\"EntryPoint\",\"urlTemplate\":\"https:\\\/\\\/mwagni.com\\\/en\\\/?s={search_term_string}\"},\"query-input\":{\"@type\":\"PropertyValueSpecification\",\"valueRequired\":true,\"valueName\":\"search_term_string\"}}],\"inLanguage\":\"en-US\"},{\"@type\":\"Organization\",\"@id\":\"https:\\\/\\\/mwagni.com\\\/en\\\/#organization\",\"name\":\"mwagni e.V.\",\"url\":\"https:\\\/\\\/mwagni.com\\\/en\\\/\",\"logo\":{\"@type\":\"ImageObject\",\"inLanguage\":\"en-US\",\"@id\":\"https:\\\/\\\/mwagni.com\\\/en\\\/#\\\/schema\\\/logo\\\/image\\\/\",\"url\":\"https:\\\/\\\/mwagni.com\\\/wp-content\\\/uploads\\\/2021\\\/10\\\/cropped-cropped-logo_mwagni_e-final-e1743324475860.png\",\"contentUrl\":\"https:\\\/\\\/mwagni.com\\\/wp-content\\\/uploads\\\/2021\\\/10\\\/cropped-cropped-logo_mwagni_e-final-e1743324475860.png\",\"width\":150,\"height\":150,\"caption\":\"mwagni e.V.\"},\"image\":{\"@id\":\"https:\\\/\\\/mwagni.com\\\/en\\\/#\\\/schema\\\/logo\\\/image\\\/\"}}]}<\/script>\n<!-- \/ Yoast SEO plugin. -->","yoast_head_json":{"title":"\u00dcber uns - mwagni e.V.","robots":{"index":"index","follow":"follow","max-snippet":"max-snippet:-1","max-image-preview":"max-image-preview:large","max-video-preview":"max-video-preview:-1"},"canonical":"https:\/\/mwagni.com\/en\/ueber-uns\/","og_locale":"en_US","og_type":"article","og_title":"\u00dcber uns - mwagni e.V.","og_description":"Mwagni e. V., weil Bildung das Fundament ist. Mwagni ist ein Begriff, den man in vielen Sprachen aus Westkamerun findet und der viele Bedeutungen tr\u00e4gt. Das Wort\u00a0Mwagni\u00a0bezeichnet im allgemein, Wissen und Bildung. Das kann Schule, als Bildungsanstalt bedeuten. Also, ein","og_url":"https:\/\/mwagni.com\/en\/ueber-uns\/","og_site_name":"mwagni e.V.","article_modified_time":"2020-05-21T22:20:56+00:00","twitter_card":"summary_large_image","schema":{"@context":"https:\/\/schema.org","@graph":[{"@type":"WebPage","@id":"https:\/\/mwagni.com\/en\/ueber-uns\/","url":"https:\/\/mwagni.com\/en\/ueber-uns\/","name":"\u00dcber uns - mwagni e.V.","isPartOf":{"@id":"https:\/\/mwagni.com\/en\/#website"},"datePublished":"2019-06-09T19:55:19+00:00","dateModified":"2020-05-21T22:20:56+00:00","breadcrumb":{"@id":"https:\/\/mwagni.com\/en\/ueber-uns\/#breadcrumb"},"inLanguage":"en-US","potentialAction":[{"@type":"ReadAction","target":[["https:\/\/mwagni.com\/en\/ueber-uns\/"]]}]},{"@type":"BreadcrumbList","@id":"https:\/\/mwagni.com\/en\/ueber-uns\/#breadcrumb","itemListElement":[{"@type":"ListItem","position":1,"name":"Startseite","item":"https:\/\/mwagni.com\/en\/"},{"@type":"ListItem","position":2,"name":"\u00dcber uns"}]},{"@type":"WebSite","@id":"https:\/\/mwagni.com\/en\/#website","url":"https:\/\/mwagni.com\/en\/","name":"mwagni e.V.","description":"Welcome, Willkommen, Bienvenue, Seuk meubwo","publisher":{"@id":"https:\/\/mwagni.com\/en\/#organization"},"potentialAction":[{"@type":"SearchAction","target":{"@type":"EntryPoint","urlTemplate":"https:\/\/mwagni.com\/en\/?s={search_term_string}"},"query-input":{"@type":"PropertyValueSpecification","valueRequired":true,"valueName":"search_term_string"}}],"inLanguage":"en-US"},{"@type":"Organization","@id":"https:\/\/mwagni.com\/en\/#organization","name":"mwagni e.V.","url":"https:\/\/mwagni.com\/en\/","logo":{"@type":"ImageObject","inLanguage":"en-US","@id":"https:\/\/mwagni.com\/en\/#\/schema\/logo\/image\/","url":"https:\/\/mwagni.com\/wp-content\/uploads\/2021\/10\/cropped-cropped-logo_mwagni_e-final-e1743324475860.png","contentUrl":"https:\/\/mwagni.com\/wp-content\/uploads\/2021\/10\/cropped-cropped-logo_mwagni_e-final-e1743324475860.png","width":150,"height":150,"caption":"mwagni e.V."},"image":{"@id":"https:\/\/mwagni.com\/en\/#\/schema\/logo\/image\/"}}]}},"_links":{"self":[{"href":"https:\/\/mwagni.com\/en\/wp-json\/wp\/v2\/pages\/17","targetHints":{"allow":["GET"]}}],"collection":[{"href":"https:\/\/mwagni.com\/en\/wp-json\/wp\/v2\/pages"}],"about":[{"href":"https:\/\/mwagni.com\/en\/wp-json\/wp\/v2\/types\/page"}],"author":[{"embeddable":true,"href":"https:\/\/mwagni.com\/en\/wp-json\/wp\/v2\/users\/1"}],"replies":[{"embeddable":true,"href":"https:\/\/mwagni.com\/en\/wp-json\/wp\/v2\/comments?post=17"}],"version-history":[{"count":10,"href":"https:\/\/mwagni.com\/en\/wp-json\/wp\/v2\/pages\/17\/revisions"}],"predecessor-version":[{"id":782,"href":"https:\/\/mwagni.com\/en\/wp-json\/wp\/v2\/pages\/17\/revisions\/782"}],"wp:attachment":[{"href":"https:\/\/mwagni.com\/en\/wp-json\/wp\/v2\/media?parent=17"}],"curies":[{"name":"wp","href":"https:\/\/api.w.org\/{rel}","templated":true}]}}